{"id":99,"date":"2024-04-21T19:21:30","date_gmt":"2024-04-21T17:21:30","guid":{"rendered":"https:\/\/omegalivinghomestaging.com\/?page_id=99"},"modified":"2024-04-21T19:21:30","modified_gmt":"2024-04-21T17:21:30","slug":"rechtlicher-hinweis","status":"publish","type":"page","link":"https:\/\/omegalivinghomestaging.com\/?page_id=99","title":{"rendered":"Rechtlicher Hinweis"},"content":{"rendered":"\n<p>RECHTLICHE HINWEISE UND ALLGEMEINE GESCH\u00c4FTSBEDINGUNGEN<br>https:\/\/omegalivinghomestaging.com<br>I. ALLGEMEINE INFORMATIONEN<br>In Erf\u00fcllung der Informationspflicht gem\u00e4\u00df dem Gesetz 34\/2002 \u00fcber die Dienste der Informationsgesellschaft und des elektronischen Gesch\u00e4ftsverkehrs (LSSI-CE) vom 11. Juli werden im Folgenden die folgenden allgemeinen Informationen zu dieser Website bereitgestellt:<br>Die Eigent\u00fcmerschaft dieser Website, https:\/\/omegalivinghomestaging.com, (nachfolgend &#8220;Website&#8221;) liegt bei: Carmen Villegas, mit NIF: B70773031, und deren Kontaktdaten sind:<br>Adresse: Amargura 1e, 07500 Manacor<br>Kontakttelefon: +34 687 09 09 43<br>Kontakt-E-Mail: info@omegalivinghomestaging.com<br>II. NUTZUNGSBEDINGUNGEN<br>Gegenstand der Bedingungen: Die Website<br>Der Zweck dieser Allgemeinen Nutzungsbedingungen (nachfolgend &#8220;Bedingungen&#8221;) besteht darin, den Zugang und die Nutzung der Website zu regeln. Im Sinne dieser Bedingungen wird die Website als solche verstanden: das \u00e4u\u00dfere Erscheinungsbild der Bildschirmschnittstellen, sowohl statisch als auch dynamisch, d.h. die Navigationsstruktur; und alle in den Bildschirmschnittstellen und der Navigationsstruktur integrierten Elemente (nachfolgend &#8220;Inhalte&#8221;) sowie alle von Zeit zu Zeit angebotenen Online-Dienste oder Ressourcen f\u00fcr Benutzer (nachfolgend &#8220;Dienste&#8221;).<br>Omega Living Home Staging beh\u00e4lt sich das Recht vor, die Pr\u00e4sentation und Konfiguration der Website sowie der Inhalte und Dienste, die in sie integriert sein k\u00f6nnten, jederzeit und ohne vorherige Ank\u00fcndigung zu \u00e4ndern. Der Benutzer erkennt an und akzeptiert, dass Omega Living Home Staging jederzeit diese Elemente, die in die Website integriert sind, unterbrechen, deaktivieren und\/oder stornieren kann oder den Zugriff darauf.<br>Der Zugang zur Website durch den Benutzer ist kostenlos und im Allgemeinen ohne Gegenleistung m\u00f6glich, sofern der Benutzer nicht die Verbindungskosten \u00fcber das von ihm beauftragte Telekommunikationsnetz entrichten muss.<br>Die Nutzung einiger Inhalte oder Dienste der Website kann durch vorherige Registrierung oder Anmeldung des Benutzers erfolgen.<br>Der Benutzer<br>Der Zugang, die Navigation und die Nutzung der Website sowie der f\u00fcr die Interaktion zwischen den Benutzern und Omega Living Home Staging geschaffenen Bereiche, wie z.B. Kommentare und\/oder Blogging-Bereiche, verleihen dem Benutzer den Status eines Benutzers, so dass er, sobald er die Navigation auf der Website beginnt, alle hier festgelegten Bedingungen sowie deren sp\u00e4tere \u00c4nderungen akzeptiert, ohne dass die entsprechenden gesetzlichen Bestimmungen gem\u00e4\u00df dem Fall au\u00dfer Kraft gesetzt werden. Angesichts der Bedeutung dessen wird dem Benutzer empfohlen, sie bei jedem Besuch der Website zu lesen.<br>Die Website von Omega Living Home Staging bietet eine Vielzahl von Informationen, Dienstleistungen und Daten. Der Benutzer ist verantwortlich f\u00fcr die korrekte Nutzung der Website. Diese Verantwortung erstreckt sich auf:<br>Die Nutzung von Informationen, Inhalten und\/oder Diensten und Daten, die von Omega Living Home Staging angeboten werden, ohne dass sie den Bedingungen, dem Gesetz, der Moral oder der \u00f6ffentlichen Ordnung widersprechen oder anderweitig die Rechte Dritter oder den ordnungsgem\u00e4\u00dfen Betrieb der Website beeintr\u00e4chtigen.<br>Die Richtigkeit und Rechtm\u00e4\u00dfigkeit der vom Benutzer in den Formularen zur Verf\u00fcgung gestellten Informationen, die von Omega Living Home Staging f\u00fcr den Zugriff auf bestimmte Inhalte oder Dienste der Website angefordert werden. In jedem Fall wird der Benutzer Omega Living Home Staging unverz\u00fcglich \u00fcber jede Handlung informieren, die die missbr\u00e4uchliche Verwendung der in diesen Formularen registrierten Informationen erm\u00f6glicht, wie z.B. Diebstahl, Verlust oder unbefugter Zugriff auf Identifikatoren und\/oder Passw\u00f6rter, um deren sofortige Stornierung zu erm\u00f6glichen.<br>In keinem Fall haftet Omega Living Home Staging f\u00fcr die von den Benutzern abgegebenen Meinungen \u00fcber Kommentare oder andere Blogging- oder Beteiligungstools.<br>Der blo\u00dfe Zugriff auf diese Website bedeutet nicht, dass zwischen Omega Living Home Staging und dem Benutzer eine kommerzielle Beziehung besteht.<br>Im Einklang mit der geltenden Gesetzgebung richtet sich diese Website von Omega Living Home Staging an alle Personen, unabh\u00e4ngig von ihrem Alter, die auf die Website zugreifen und\/oder durch die Seiten der Website navigieren k\u00f6nnen.<br>III. ZUGANG UND NAVIGATION AUF DER WEBSITE: AUSSCHLUSS VON GARANTIEN UND HAFTUNG<br>Omega Living Home Staging garantiert nicht die Kontinuit\u00e4t, Verf\u00fcgbarkeit und N\u00fctzlichkeit der Website, der Inhalte oder Dienste. Omega Living Home Staging wird sein Bestes tun, um den reibungslosen Betrieb der Website sicherzustellen, haftet jedoch nicht daf\u00fcr, dass der Zugriff auf diese Website ununterbrochen oder fehlerfrei ist.<br>Es \u00fcbernimmt auch keine Verantwortung oder Garantie daf\u00fcr, dass der Inhalt oder die Software, auf die \u00fcber diese Website zugegriffen werden kann, fehlerfrei ist oder das Computersystem (Software und Hardware) des Benutzers besch\u00e4digt. Omega Living Home Staging haftet in keinem Fall f\u00fcr Verluste, Sch\u00e4den oder Kosten jeglicher Art, die sich aus dem Zugang, der Navigation und der Nutzung der Website ergeben, einschlie\u00dflich, aber nicht beschr\u00e4nkt auf Sch\u00e4den an Computersystemen oder durch die Einf\u00fchrung von Viren verursachte Sch\u00e4den.<br>Omega Living Home Staging \u00fcbernimmt auch keine Haftung f\u00fcr Sch\u00e4den, die Benutzern durch unsachgem\u00e4\u00dfe Nutzung dieser Website entstehen k\u00f6nnen. Insbesondere \u00fcbernimmt es keine Verantwortung f\u00fcr Ausf\u00e4lle, Unterbrechungen, M\u00e4ngel oder Fehler bei den Telekommunikationsdiensten.<br>IV. LINKPOLITIK<br>Es wird darauf hingewiesen, dass die Website von Omega Living Home Staging den Benutzern Mittel zum Linkzugriff (wie z.B. Links, Banner, Buttons), Verzeichnisse und Suchmaschinen zur Verf\u00fcgung stellen kann, mit denen Benutzer auf Websites<\/p>\n\n\n\n<p>zugreifen k\u00f6nnen, die Dritten geh\u00f6ren und\/oder von ihnen betrieben werden.<br>Die Installation dieser Links, Verzeichnisse und Suchmaschinen auf der Website dient dazu, den Benutzern die Suche nach und den Zugriff auf im Internet verf\u00fcgbare Informationen zu erleichtern, und kann nicht als Vorschlag, Empfehlung oder Einladung zur Besichtigung angesehen werden.<br>Omega Living Home Staging bietet weder selbst noch \u00fcber Dritte die auf diesen verlinkten Websites verf\u00fcgbaren Produkte und\/oder Dienstleistungen an.<br>Omega Living Home Staging bietet gesponserte Inhalte, Anzeigen und\/oder Affiliate-Links an. Die Informationen, die in diesen Affiliate-Links oder eingef\u00fcgten Anzeigen erscheinen, werden von den Werbetreibenden selbst bereitgestellt, daher \u00fcbernimmt Omega Living Home Staging keine Verantwortung f\u00fcr m\u00f6gliche Ungenauigkeiten oder Fehler in den Anzeigen und garantiert nicht in irgendeiner Weise die Erfahrung, Integrit\u00e4t oder Haftung der Werbetreibenden oder die Qualit\u00e4t ihrer Produkte und\/oder Dienstleistungen.<br>Dar\u00fcber hinaus garantieren sie auch nicht die technische Verf\u00fcgbarkeit, Richtigkeit, Wahrheit, G\u00fcltigkeit oder Rechtm\u00e4\u00dfigkeit von Websites Dritter, auf die \u00fcber Links zugegriffen werden kann.<br>Omega Living Home Staging wird niemals den Inhalt anderer Websites \u00fcberpr\u00fcfen oder kontrollieren, noch wird es die Produkte und Dienstleistungen, Inhalte, Dateien und sonstiges Material auf den genannten verlinkten Websites billigen, \u00fcberpr\u00fcfen oder \u00fcbernehmen.<br>Omega Living Home Staging \u00fcbernimmt keine Verantwortung f\u00fcr Sch\u00e4den und Verluste, die durch den Zugriff, die Nutzung, die Qualit\u00e4t oder die Rechtm\u00e4\u00dfigkeit der Inhalte, Kommunikationen, Meinungen, Produkte und Dienstleistungen von Websites entstehen, die nicht von Omega Living Home Staging verwaltet werden und die auf dieser Website verlinkt sind.<br>Der Benutzer oder Dritte, der einen Hyperlink von einer anderen, anderen Website als der Website von Omega Living Home Staging aus herstellt, sollte wissen, dass:<br>Die Reproduktion &#8211; ganz oder teilweise &#8211; keinem der Inhalte und\/oder Dienste der Website ohne ausdr\u00fcckliche Genehmigung von Omega Living Home Staging gestattet ist.<br>Es wird auch keine falsche, ungenaue oder inkorrekte Aussage \u00fcber die Website von Omega Living Home Staging oder deren Inhalte und\/oder Dienste zugelassen.<br>Mit Ausnahme des Hyperlinks wird die Website, von der aus der Hyperlink hergestellt wird, keine Elemente dieser Website, die durch das spanische Recht als geistiges Eigentum gesch\u00fctzt sind, enthalten, es sei denn, Omega Living Home Staging hat ausdr\u00fccklich zugestimmt.<br>Die Einrichtung des Hyperlinks impliziert nicht das Bestehen von Beziehungen zwischen Omega Living Home Staging und dem Inhaber der Website, von der aus er hergestellt wird, noch die Kenntnis und Annahme von Omega Living Home Staging bez\u00fcglich der Inhalte, Dienste und\/oder Aktivit\u00e4ten, die auf dieser Website angeboten werden, und umgekehrt.<br>V. GEISTIGES EIGENTUM UND GEWERBLICHE SCHUTZRECHTE<br>Omega Living Home Staging ist alleiniger Inhaber aller geistigen und gewerblichen Schutzrechte an der Website sowie an den darin enthaltenen Elementen (beispielsweise, aber nicht ausschlie\u00dflich, Bilder, Ton, Audio, Video, Software oder Texte, Marken oder Logos, Farbkombinationen, Struktur und Design, Auswahl der verwendeten Materialien, f\u00fcr den Betrieb, Zugang und die Nutzung erforderliche Computerprogramme, etc.). Diese werden daher durch das spanische Recht als geistiges Eigentum gesch\u00fctzt, und es gelten sowohl das spanische und gemeinschaftliche Recht auf diesem Gebiet als auch die von Spanien unterzeichneten internationalen Vertr\u00e4ge.<br>Alle Rechte vorbehalten. Gem\u00e4\u00df dem Gesetz \u00fcber geistiges Eigentum ist die vollst\u00e4ndige oder teilweise Reproduktion, Verbreitung und \u00f6ffentliche Kommunikation, einschlie\u00dflich der Bereitstellung, der Inhalte dieser Website f\u00fcr kommerzielle Zwecke in jeglichem Medium und auf jegliche Weise, ohne die Genehmigung von Omega Living Home Staging ausdr\u00fccklich untersagt.<br>Der Benutzer verpflichtet sich, die geistigen und gewerblichen Schutzrechte von Omega Living Home Staging zu respektieren. Er kann die Elemente der Website anzeigen, drucken, kop<\/p>\n\n\n\n<p>ieren und auf der Festplatte seines Computers oder auf einem anderen physischen Medium speichern, sofern dies ausschlie\u00dflich f\u00fcr seinen pers\u00f6nlichen Gebrauch geschieht. Der Benutzer darf jedoch keinen Kopierschutz oder Sicherheitssysteme entfernen, \u00e4ndern oder manipulieren, die auf der Website installiert sind.<br>Falls der Benutzer oder ein Dritter der Ansicht ist, dass eines der Inhalte der Website eine Verletzung der Rechte des geistigen Eigentums darstellt, muss er dies Omega Living Home Staging unverz\u00fcglich \u00fcber die Kontaktdaten im Abschnitt ALLGEMEINE INFORMATIONEN dieser Rechtlichen Hinweise und Allgemeinen Gesch\u00e4ftsbedingungen mitteilen.<br>VI. RECHTLICHE MASSNAHMEN, ANWENDBARES RECHT UND GERICHTSBARKEIT<br>Omega Living Home Staging beh\u00e4lt sich das Recht vor, die zivil- oder strafrechtlichen Ma\u00dfnahmen zu ergreifen, die es f\u00fcr erforderlich h\u00e4lt, um die unrechtm\u00e4\u00dfige Nutzung der Website und der Inhalte zu unterbinden oder um die Nichteinhaltung dieser Bedingungen zu ahnden.<br>Die Beziehung zwischen dem Benutzer und Omega Living Home Staging unterliegt der geltenden Gesetzgebung und den auf dem spanischen Gebiet anwendbaren Vorschriften. Bei Streitigkeiten im Zusammenhang mit der Auslegung und\/oder Anwendung dieser Bedingungen werden die Parteien ihre Konflikte der ordentlichen Gerichtsbarkeit unterwerfen und sich den Gerichten und Tribunalen unterwerfen, die gem\u00e4\u00df dem Gesetz zust\u00e4ndig sind. <\/p>\n","protected":false},"excerpt":{"rendered":"<p>RECHTLICHE HINWEISE UND ALLGEMEINE GESCH\u00c4FTSBEDINGUNGENhttps:\/\/omegalivinghomestaging.comI. ALLGEMEINE INFORMATIONENIn Erf\u00fcllung der Informationspflicht gem\u00e4\u00df dem Gesetz 34\/2002 \u00fcber die Dienste der Informationsgesellschaft und des elektronischen Gesch\u00e4ftsverkehrs (LSSI-CE) vom 11. Juli werden im Folgenden&#8230;<\/p>\n","protected":false},"author":1,"featured_media":0,"parent":0,"menu_order":0,"comment_status":"closed","ping_status":"closed","template":"","meta":{"om_disable_all_campaigns":false,"_monsterinsights_skip_tracking":false,"_monsterinsights_sitenote_active":false,"_monsterinsights_sitenote_note":"","_monsterinsights_sitenote_category":0,"_joinchat":[],"footnotes":""},"class_list":["post-99","page","type-page","status-publish"],"aioseo_notices":[],"_hostinger_reach_plugin_has_subscription_block":false,"_hostinger_reach_plugin_is_elementor":false,"_links":{"self":[{"href":"https:\/\/omegalivinghomestaging.com\/index.php?rest_route=\/wp\/v2\/pages\/99","targetHints":{"allow":["GET"]}}],"collection":[{"href":"https:\/\/omegalivinghomestaging.com\/index.php?rest_route=\/wp\/v2\/pages"}],"about":[{"href":"https:\/\/omegalivinghomestaging.com\/index.php?rest_route=\/wp\/v2\/types\/page"}],"author":[{"embeddable":true,"href":"https:\/\/omegalivinghomestaging.com\/index.php?rest_route=\/wp\/v2\/users\/1"}],"replies":[{"embeddable":true,"href":"https:\/\/omegalivinghomestaging.com\/index.php?rest_route=%2Fwp%2Fv2%2Fcomments&post=99"}],"version-history":[{"count":1,"href":"https:\/\/omegalivinghomestaging.com\/index.php?rest_route=\/wp\/v2\/pages\/99\/revisions"}],"predecessor-version":[{"id":100,"href":"https:\/\/omegalivinghomestaging.com\/index.php?rest_route=\/wp\/v2\/pages\/99\/revisions\/100"}],"wp:attachment":[{"href":"https:\/\/omegalivinghomestaging.com\/index.php?rest_route=%2Fwp%2Fv2%2Fmedia&parent=99"}],"curies":[{"name":"wp","href":"https:\/\/api.w.org\/{rel}","templated":true}]}}